{"id":16,"date":"2016-02-11T00:58:37","date_gmt":"2016-02-10T23:58:37","guid":{"rendered":"http:\/\/www.fachwarte.de\/?page_id=16"},"modified":"2026-03-20T19:03:16","modified_gmt":"2026-03-20T18:03:16","slug":"kontakt-u-impressum","status":"publish","type":"page","link":"https:\/\/www.fachwarte.de\/?page_id=16","title":{"rendered":"Impressum"},"content":{"rendered":"<h3>Fachwartvereinigung des Kreisverbandes B\u00f6blingen der Obst- und Gartenbauvereine e.V.<\/h3>\n<p>Eingetragen im Vereinsregister des Amtsgerichts Stuttgart<br \/>\nVereinsregisternummer: <strong>VR 205799<\/strong><\/p>\n<h3>Vertretungsberechtigter Vorstand (\u00a7 26 BGB)<\/h3>\n<h2>J\u00fcrgen Khuen<\/h2>\n<p>Vorsitzender<br \/>\nEltinger Weg 24\/1<br \/>\n71277 Rutesheim<br \/>\nTelefon: 07152 \/ 51513<br \/>\nE-Mail: vorstand@fachwarte.de<br \/>\n<strong>J\u00fcrgen Linkenheil<\/strong><br \/>\n2. Vorsitzender<\/p>\n<h3>Verantwortlich f\u00fcr den Inhalt gem\u00e4\u00df \u00a7 18 Abs. 2 MStV<\/h3>\n<h2>J\u00fcrgen Khuen<\/h2>\n<p>Eltinger Weg 24\/1<br \/>\n71277 Rutesheim<\/p>\n<h3>Weitere Vorstands- und Vereinsmitglieder<\/h3>\n<p>J\u00fcrgen Linkenheil \u2013 2. Vorsitzender<br \/>\nSabine F\u00f6ll \u2013 Schriftf\u00fchrerin<br \/>\nJ\u00fcrgen Seidel \u2013 Kassierer<br \/>\nManfred Nuber \u2013 Fachberater f\u00fcr Obst und Garten<br \/>\nKarin Jaiser-Fesenbeck \u2013 Beisitzerin<br \/>\nDieter Br\u00e4uning \u2013 Beisitzer<br \/>\nFarin Kariko \u2013 Beisitzer<br \/>\nPeter Mutschler \u2013 Beisitzer<br \/>\nPatricia Linkenheil \u2013 Veranstaltungen und Design<\/p>\n<p>Konzeption, Planung und Umsetzung der Website<br \/>\nWolfgang Mehl<br \/>\nwww.fachwarte.de<\/p>\n<p>Hinweis<br \/>\nDer Verein bietet keine entgeltlichen Online-Dienstleistungen an.<br \/>\nEine Verpflichtung zur Teilnahme an Streitbeilegungsverfahren vor einer Verbraucherschlichtungsstelle besteht nicht.<\/p>\n","protected":false},"excerpt":{"rendered":"<p>Fachwartvereinigung des Kreisverbandes B\u00f6blingen der Obst- und Gartenbauvereine e.V. Eingetragen im Vereinsregister des Amtsgerichts Stuttgart Vereinsregisternummer: VR 205799 Vertretungsberechtigter Vorstand (\u00a7 26 BGB) J\u00fcrgen Khuen Vorsitzender Eltinger Weg 24\/1 71277 Rutesheim Telefon: 07152 \/ 51513 E-Mail: vorstand@fachwarte.de J\u00fcrgen Linkenheil 2. <a class=\"more-link\" href=\"https:\/\/www.fachwarte.de\/?page_id=16\"><span class=\"screen-reader-text\">  Impressum<\/span> weiterlesen<span class=\"meta-nav\">&rarr;<\/span><\/a><\/p>\n","protected":false},"author":4,"featured_media":0,"parent":0,"menu_order":0,"comment_status":"closed","ping_status":"closed","template":"","meta":{"footnotes":""},"class_list":["post-16","page","type-page","status-publish","hentry"],"_links":{"self":[{"href":"https:\/\/www.fachwarte.de\/index.php?rest_route=\/wp\/v2\/pages\/16","targetHints":{"allow":["GET"]}}],"collection":[{"href":"https:\/\/www.fachwarte.de\/index.php?rest_route=\/wp\/v2\/pages"}],"about":[{"href":"https:\/\/www.fachwarte.de\/index.php?rest_route=\/wp\/v2\/types\/page"}],"author":[{"embeddable":true,"href":"https:\/\/www.fachwarte.de\/index.php?rest_route=\/wp\/v2\/users\/4"}],"replies":[{"embeddable":true,"href":"https:\/\/www.fachwarte.de\/index.php?rest_route=%2Fwp%2Fv2%2Fcomments&post=16"}],"version-history":[{"count":48,"href":"https:\/\/www.fachwarte.de\/index.php?rest_route=\/wp\/v2\/pages\/16\/revisions"}],"predecessor-version":[{"id":2649,"href":"https:\/\/www.fachwarte.de\/index.php?rest_route=\/wp\/v2\/pages\/16\/revisions\/2649"}],"wp:attachment":[{"href":"https:\/\/www.fachwarte.de\/index.php?rest_route=%2Fwp%2Fv2%2Fmedia&parent=16"}],"curies":[{"name":"wp","href":"https:\/\/api.w.org\/{rel}","templated":true}]}}