{"id":62,"date":"2016-02-11T20:51:10","date_gmt":"2016-02-11T19:51:10","guid":{"rendered":"http:\/\/www.fachwarte.de\/?page_id=62"},"modified":"2024-12-19T20:03:29","modified_gmt":"2024-12-19T19:03:29","slug":"fachwartausbildung","status":"publish","type":"page","link":"https:\/\/www.fachwarte.de\/?page_id=62","title":{"rendered":"Fachwartausbildung"},"content":{"rendered":"<p style=\"text-align: justify;\">Die Ausbildung zum <a href=\"https:\/\/logl-bw.de\/index.php\/schulungsangebote\/logl-gepr%C3%BCfter-obst-gartenfachwart%C2%AE\" target=\"_blank\" rel=\"noopener\">LOGL-Gepr\u00fcfter Obst- und Gartenfachwart\/in<\/a> ist in <a href=\"https:\/\/de.wikipedia.org\/wiki\/Baden-W%C3%BCrttemberg\" target=\"_blank\" rel=\"noopener\">Baden-W\u00fcrttemberg<\/a> landeseinheitlich durch den <a href=\"https:\/\/logl-bw.de\/\" target=\"_blank\" rel=\"noopener\">Landesverband f\u00fcr Obstbau, Garten <img loading=\"lazy\" decoding=\"async\" class=\"alignleft size-full wp-image-40\" src=\"http:\/\/www.fachwarte.de\/wp-content\/uploads\/2016\/02\/logl-logo-neu.png\" alt=\"logl-logo-neu\" width=\"140\" height=\"103\" \/>und Landschaft Baden-W\u00fcrttemberg e.V. (LOGL)<\/a> geregelt. Ma\u00dfgeblich beteiligt am Kursaufbau sowie bei der Pr\u00fcfung sind auch die zust\u00e4ndigen Fachberater an den Landrats\u00e4mtern. Damit wird auch von beh\u00f6rdlicher Seite aus ein beachtliches Leistungsniveau sichergestellt.<\/p>\n<figure id=\"attachment_65\" aria-describedby=\"caption-attachment-65\" style=\"width: 1021px\" class=\"wp-caption aligncenter\"><img loading=\"lazy\" decoding=\"async\" class=\"size-full wp-image-65\" src=\"http:\/\/www.fachwarte.de\/wp-content\/uploads\/2016\/02\/Fachwartausbildung_Praxis_Streuobstwiese.jpg\" alt=\"Fachwartausbildung\" width=\"1021\" height=\"548\" srcset=\"https:\/\/www.fachwarte.de\/wp-content\/uploads\/2016\/02\/Fachwartausbildung_Praxis_Streuobstwiese.jpg 1021w, https:\/\/www.fachwarte.de\/wp-content\/uploads\/2016\/02\/Fachwartausbildung_Praxis_Streuobstwiese-300x161.jpg 300w, https:\/\/www.fachwarte.de\/wp-content\/uploads\/2016\/02\/Fachwartausbildung_Praxis_Streuobstwiese-768x412.jpg 768w\" sizes=\"auto, (max-width: 1021px) 100vw, 1021px\" \/><figcaption id=\"caption-attachment-65\" class=\"wp-caption-text\">Fachwarteausbildung in der Praxis.<\/figcaption><\/figure>\n<p style=\"text-align: justify;\">Ziel der Fachwarteausbildung ist die F\u00f6rderung des Hobby- und landschaftspr\u00e4genden Streuobstbaus, der Gartenkultur und die Unterst\u00fctzung eines wirksamen Naturschutzes. Die fachliche Kompetenz soll in den Obst- und Gartenbauvereinen erhalten bleiben durch ausgebildete Personen, die ihr Wissen zum Nutzen aller weitergeben. Link zu <a href=\"https:\/\/logl-bw.de\/index.php\/schulungsangebote\/logl-gepr%C3%BCfter-obst-gartenfachwart%C2%AE\" target=\"_blank\" rel=\"noopener\">LOGL-Gepr\u00fcfter Obst- und Gartenfachwart<\/a>.<\/p>\n<p style=\"text-align: justify;\">Die Ausbildung findet an zw\u00f6lf Tagen im Fr\u00fchjahr jeweils acht Stunden lang statt. Sie umfasst neben Theorie in Bodenpflege, D\u00fcngung, Gem\u00fcseanbau, Ziergartengestaltung oder Nachbarschafts- und Naturschutzrecht auch die Praxis in Baum- und Geh\u00f6lzschnitt und schlie\u00dft mit einer Pr\u00fcfung ab. Dazu kommt noch ein Veredelungskurs, sowie ein Sommerschnittkurs. Die Sachkunde im Pflanzenschutz in einer eigenen Pr\u00fcfung ist nicht mehr nachzuweisen, ist aber von Vorteil, weil der Pflanzenschutz ein Themenschwerpunkt der Fachwarteausbildung darstellt.<\/p>\n<figure id=\"attachment_2486\" aria-describedby=\"caption-attachment-2486\" style=\"width: 1202px\" class=\"wp-caption aligncenter\"><img loading=\"lazy\" decoding=\"async\" class=\"size-full wp-image-2486\" src=\"https:\/\/www.fachwarte.de\/wp-content\/uploads\/2024\/12\/Fachwartausbildung_2024.jpg\" alt=\"\" width=\"1202\" height=\"770\" srcset=\"https:\/\/www.fachwarte.de\/wp-content\/uploads\/2024\/12\/Fachwartausbildung_2024.jpg 1202w, https:\/\/www.fachwarte.de\/wp-content\/uploads\/2024\/12\/Fachwartausbildung_2024-300x192.jpg 300w, https:\/\/www.fachwarte.de\/wp-content\/uploads\/2024\/12\/Fachwartausbildung_2024-1024x656.jpg 1024w, https:\/\/www.fachwarte.de\/wp-content\/uploads\/2024\/12\/Fachwartausbildung_2024-768x492.jpg 768w\" sizes=\"auto, (max-width: 1202px) 100vw, 1202px\" \/><figcaption id=\"caption-attachment-2486\" class=\"wp-caption-text\">Fachwartausbildung 2024<\/figcaption><\/figure>\n<p style=\"text-align: justify;\">In den letzten 22 Jahren fanden 21 Fachwarteausbildungen im Landkreis B\u00f6blingen statt. Daran haben \u00fcber 630 Personen teilgenommen und die Pr\u00fcfung zum Fachwart\/in f\u00fcr Obst und Garten erfolgreich bestanden.<\/p>\n","protected":false},"excerpt":{"rendered":"<p>Die Ausbildung zum LOGL-Gepr\u00fcfter Obst- und Gartenfachwart\/in ist in Baden-W\u00fcrttemberg landeseinheitlich durch den Landesverband f\u00fcr Obstbau, Garten und Landschaft Baden-W\u00fcrttemberg e.V. (LOGL) geregelt. Ma\u00dfgeblich beteiligt am Kursaufbau sowie bei der Pr\u00fcfung sind auch die zust\u00e4ndigen Fachberater an den Landrats\u00e4mtern. Damit <a class=\"more-link\" href=\"https:\/\/www.fachwarte.de\/?page_id=62\"><span class=\"screen-reader-text\">  Fachwartausbildung<\/span> weiterlesen<span class=\"meta-nav\">&rarr;<\/span><\/a><\/p>\n","protected":false},"author":4,"featured_media":0,"parent":0,"menu_order":0,"comment_status":"closed","ping_status":"closed","template":"","meta":{"footnotes":""},"class_list":["post-62","page","type-page","status-publish","hentry"],"_links":{"self":[{"href":"https:\/\/www.fachwarte.de\/index.php?rest_route=\/wp\/v2\/pages\/62","targetHints":{"allow":["GET"]}}],"collection":[{"href":"https:\/\/www.fachwarte.de\/index.php?rest_route=\/wp\/v2\/pages"}],"about":[{"href":"https:\/\/www.fachwarte.de\/index.php?rest_route=\/wp\/v2\/types\/page"}],"author":[{"embeddable":true,"href":"https:\/\/www.fachwarte.de\/index.php?rest_route=\/wp\/v2\/users\/4"}],"replies":[{"embeddable":true,"href":"https:\/\/www.fachwarte.de\/index.php?rest_route=%2Fwp%2Fv2%2Fcomments&post=62"}],"version-history":[{"count":21,"href":"https:\/\/www.fachwarte.de\/index.php?rest_route=\/wp\/v2\/pages\/62\/revisions"}],"predecessor-version":[{"id":2489,"href":"https:\/\/www.fachwarte.de\/index.php?rest_route=\/wp\/v2\/pages\/62\/revisions\/2489"}],"wp:attachment":[{"href":"https:\/\/www.fachwarte.de\/index.php?rest_route=%2Fwp%2Fv2%2Fmedia&parent=62"}],"curies":[{"name":"wp","href":"https:\/\/api.w.org\/{rel}","templated":true}]}}