{"id":81,"date":"2022-02-26T13:22:08","date_gmt":"2022-02-26T12:22:08","guid":{"rendered":"http:\/\/www.fachwarte.de\/?page_id=81"},"modified":"2026-05-05T21:40:17","modified_gmt":"2026-05-05T19:40:17","slug":"termine-aktuelles","status":"publish","type":"page","link":"https:\/\/www.fachwarte.de\/?page_id=81","title":{"rendered":"Termin\u00fcbersicht"},"content":{"rendered":"<h2><span style=\"color: #000000;\">Die Termine f\u00fcr das Jahr 2026<\/span><\/h2>\n<table style=\"border-collapse: collapse; width: 98.368883%;\">\n<tbody>\n<tr>\n<td style=\"width: 81.902552%;\"><span style=\"color: #000000;\"><strong>Thema:<\/strong><\/span><\/td>\n<td style=\"width: 17.865429%;\"><span style=\"color: #000000;\"><strong>Termin:<\/strong><\/span><\/td>\n<\/tr>\n<tr>\n<td style=\"width: 81.902552%;\">\n<h3><span style=\"color: #000000;\"><b><b><b><b><span style=\"font-size: 14pt;\">Unser<\/span><\/b><\/b><\/b><\/b><span style=\"font-size: 14pt;\"> Jahr<\/span><span style=\"font-size: 14pt;\">esmotto<\/span><b><b><b><b><span style=\"font-size: 14pt;\"> 2026 lautet: <\/span><span style=\"font-size: 14pt;\">\u201eRund um den Baum\u201c<\/span><\/b><\/b><\/b><\/b><\/span><\/h3>\n<p><span style=\"color: #000000;\"><span style=\"font-size: 15px;\"><span style=\"font-size: 15px;\">Damit nehmen wir alles in den Blick, was zum Lebensraum Baum dazugeh\u00f6rt \u2013 von V\u00f6geln und Insekten \u00fcber den Boden bis hin zur Veredelung.<\/span><\/span><\/span><span style=\"color: #000000;\"><br \/>\nAlle Themen und Termine ver\u00f6ffentlichen wir laufend auf unserer Homepage.<\/span><br \/>\n<span style=\"color: #000000;\">Zu unseren Veranstaltungen sind G\u00e4ste jederzeit herzlich willkommen!<\/span><\/td>\n<td style=\"width: 17.865429%;\"><span style=\"color: #000000;\"><strong>2026<\/strong><\/span><\/td>\n<\/tr>\n<tr>\n<td style=\"width: 81.902552%;\">\n<h3><span style=\"color: #000000;\">Sauerkirsch-Schnittkurs<\/span><\/h3>\n<p><span style=\"color: #000000;\">Ein Sauerkirschbaum stellt besondere Anspr\u00fcche an den Schnitt \u2013 er unterscheidet sich deutlich von anderen Obstgeh\u00f6lzen.<span class=\"Apple-converted-space\"><br \/>\n<\/span>Deshalb laden wir herzlich zu einem speziellen Schnittkurs ein, in dem der fachgerechte Schnitt anschaulich gezeigt und direkt gemeinsam ge\u00fcbt wird.<\/span><br \/>\n<span style=\"color: #000000;\">Der Kurs findet am Samstag, 10. Januar 2026, von 9 bis 13 Uhr in der Sauerkirsch-Anlage am \u201ePredigtplatz\u201c (in der N\u00e4he des Ihinger Hofs) in Weil der Stadt-Schafhausen statt.<span class=\"Apple-converted-space\"><br \/>\nAuf Wunsch senden wir gerne eine Anfahrtsskizze zu.<br \/>\n<\/span>Geleitet wird er von Obstbauberater Manfred Nuber.<\/span><\/p>\n<p><span style=\"color: #000000;\">Bitte an wettergerechte Kleidung denken.<\/span><br \/>\n<span style=\"color: #000000;\">Eigene Werkzeuge \u2013 wie S\u00e4ge, Schere oder Astschere \u2013 d\u00fcrfen gern mitgebracht werden, sofern vorhanden.<\/span><br \/>\n<span style=\"color: #000000;\">Die Kursgeb\u00fchr betr\u00e4gt 10 \u20ac f\u00fcr G\u00e4ste; Mitglieder der Fachwartvereinigung B\u00f6blingen e. V.<span style=\"font-size: 15px;\"> nehmen <\/span>kostenfrei<span style=\"font-size: 15px;\"> teil.<br \/>\n<\/span>Der Betrag wird vor Ort eingesammelt.Anmeldungen nimmt Frau Ingrid Seid entgegen:<\/span><br \/>\n<span style=\"color: #000000;\">Telefon: 07031 \/ 663-2380<\/span><br \/>\n<span style=\"color: #000000;\">E-Mail: i.seid@lrabb.de<\/span><br \/>\n<span style=\"color: #000000;\">Bei Interesse kann die praktische \u00dcbung am Nachmittag gerne noch weitergef\u00fchrt werden.<\/span><\/td>\n<td style=\"width: 17.865429%;\"><span style=\"color: #000000;\"><strong>10.01.2026<br \/>\n09 &#8211; 13 Uhr<\/strong><\/span><\/td>\n<\/tr>\n<tr>\n<td style=\"width: 81.902552%;\">\n<h3><span style=\"color: #000000;\">Fachwartausbildung 2026<\/span><\/h3>\n<p><span style=\"color: #000000;\">Auch dieses Jahr geht\u2019s im Landkreis B\u00f6blingen wieder los: Die Ausbildung zum LOGL-gepr\u00fcften Obst- und Gartenfachwart steht in den Startl\u00f6chern!Der vom Landesverband f\u00fcr Obstbau, Garten u. Landschaft Baden-W\u00fcrttemberg e.V. initiierte und von der Fachberatungsstelle f\u00fcr Obst- und Gartenbau organisierte Kurs bietet auf rund 110 Stunden geballtes Praxis- und Theorie-Know-how.<\/span><br \/>\n<span style=\"color: #000000;\">Auf dem Programm stehen u. a. Obst- und Ziergeh\u00f6lzschnitt, Gem\u00fcseanbau, Gartengestaltung, Pflanzenschutz, Naturthemen und sogar ein Blick ins Nachbarrecht.<\/span><br \/>\n<span style=\"color: #000000;\">Statt trockener Theorie erwartet die Teilnehmenden ein abwechslungsreicher Mix aus Lernen, Ausprobieren und Austausch.Vorkenntnisse? Nicht n\u00f6tig \u2013 Neugier und Lust auf Gr\u00fcn reichen v\u00f6llig.<\/span><br \/>\n<span style=\"color: #000000;\">Der Unterricht findet an vier intensiven Wochenenden (Donnerstag bis Samstag, ganzt\u00e4gig) im LOGL Zentrum in Weil der Stadt statt.<\/span><br \/>\n<span style=\"color: #000000;\">Abschluss und Pr\u00fcfung zum \u201eLOGL-gepr\u00fcften Obst- und Gartenfachwart\u201c ist am 07.03.2026.<\/span><span style=\"color: #000000;\">Im Laufe des Jahres wird das Ganze durch zus\u00e4tzliche Angebote wie Veredelungs- und Sommerschnittkurse, Lehrfahrten und weitere Veranstaltungen der Fachwartvereinigung erg\u00e4nzt.<span class=\"Apple-converted-space\"><br \/>\n<\/span>Die Kursgeb\u00fchr betr\u00e4gt 550 \u20ac \u2013 inklusive Unterlagen und Mittagessen an jedem Schulungstag.<\/span><br \/>\n<span style=\"color: #000000;\"><b><br \/>\nAktueller Stand:<\/b> Der Kurs ist bereits ausgebucht.<\/span><\/td>\n<td style=\"width: 17.865429%;\"><span style=\"color: #000000;\"><strong>12.02. &#8211; 14.02.<br \/>\n19.02. &#8211; 21.02.<br \/>\n26.02. &#8211; 28.02.<br \/>\n05.03. &#8211; 07.03.<\/strong><\/span><\/td>\n<\/tr>\n<tr>\n<td style=\"width: 81.902552%;\">\n<h3><span style=\"color: #000000;\">Veredelungskurs f\u00fcr Fachwarte<\/span><\/h3>\n<p><span style=\"color: #000000;\">Weil der Stadt-Schafhausen am Predigtplatz<\/span><br \/>\n<span style=\"color: #000000;\">(N\u00e4he Ihinger Hof)<\/span><\/td>\n<td style=\"width: 17.865429%;\"><span style=\"color: #000000;\"><strong>18.04.<br \/>\n09.00 &#8211; 13.00 Uhr<\/strong><\/span><\/td>\n<\/tr>\n<tr>\n<td style=\"width: 81.902552%;\">\n<h3><span style=\"color: #000000;\">Mitgliederversammlung<\/span><\/h3>\n<p><span style=\"color: #000000;\">Ab 18.00 Uhr Abendessen und Fachvortrag (Thema folgt).<\/span><br \/>\n<span style=\"color: #000000;\">Die Versammlung beginnt um 19.00 Uhr, Tagesordnung wird rechtzeitig bekanntgegeben.<\/span><br \/>\n<span style=\"color: #000000;\">Sportheim Perouse, Im Aischbach 1, 71277 Rutesheim.<\/span><\/td>\n<td style=\"width: 17.865429%;\"><span style=\"color: #000000;\"><strong>24.04.<br \/>\n18.00 Uhr<\/strong><\/span><\/td>\n<\/tr>\n<tr>\n<td style=\"width: 81.902552%;\">\n<h3><span style=\"color: #000000;\">Veredelungskurs f\u00fcr alle &#8211; auch &#8222;Nicht-Fachwarte&#8220;<\/span><\/h3>\n<p><span style=\"color: #000000;\">Weil der Stadt-Schafhausen am Predigtplatz<\/span><br \/>\n<span style=\"color: #000000;\">(N\u00e4he Ihinger Hof)<\/span><\/td>\n<td style=\"width: 17.865429%;\"><span style=\"color: #000000;\"><strong>25.04.<br \/>\n09.00 &#8211; 13.00 Uhr<\/strong><\/span><\/td>\n<\/tr>\n<tr>\n<td style=\"width: 81.902552%;\">\n<h3><span style=\"color: #000000;\">Fachvortrag Veredelung in Theorie und Praxis<\/span><\/h3>\n<p><span style=\"color: #000000;\">Mit Dominike B\u00fchler, Obstbauberaterin beim Landwirtschaftsamt Ravensburg.<\/span><br \/>\n<span style=\"color: #000000;\">Die Veredelungsmethoden Kopulation, Pfropfen hinter die Rinde und Okulation werden in der Theorie<\/span><br \/>\n<span style=\"color: #000000;\">vorgestellt und durch praktische Vorf\u00fchrungen veranschaulicht. Besonders interessant <span style=\"caret-color: #000000;\">ist<\/span> das Okulieren, dass <\/span><span style=\"color: #000000;\">haupts\u00e4chlich in den Baumschulen angewendet wird.<\/span><br \/>\n<span style=\"color: #000000;\">Es besteht die M\u00f6glichkeit das gelernte Wissen \u00fcber die Veredelungsmethoden selbst praktisch zu \u00fcben.<\/span> <strong><span style=\"color: #000000;\">Bitte &#8211; falls vorhanden &#8211; ein Veredelungsmesser, o.\u00c4. (es gibt auch Leihmesser) sowie eine Baumschere<\/span> <span style=\"color: #000000;\">mitbringen.<\/span><\/strong><br \/>\nAnmeldungen bitte per Mail an: veranstaltungen@fachwarte.de<br \/>\nLOGL Zentrum Weil der Stadt, Malersbuckel 11, 71263 Weil der Stadt<\/td>\n<td style=\"width: 17.865429%;\"><span style=\"color: #000000;\"><strong>09.05.<br \/>\n9.30 Uhr<\/strong><\/span><\/td>\n<\/tr>\n<tr>\n<td style=\"width: 81.902552%;\">\n<h3><span style=\"color: #000000;\">Vorerntebegehung f\u00fcr Fachwarte<\/span><\/h3>\n<p><span style=\"color: #000000;\">Bitte Grillgut und evtl. Salat mitbringen, Getr\u00e4nke werden gestellt.<\/span><br \/>\n<span style=\"color: #000000;\">Weil der Stadt-Schafhausen am Predigtplatz<\/span><br \/>\n<span style=\"color: #000000;\">(N\u00e4he Ihinger Hof)<\/span><\/td>\n<td style=\"width: 17.865429%;\"><span style=\"color: #000000;\"><strong>30.06.<br \/>\n18.00 &#8211; 21.00 Uhr<\/strong><\/span><\/td>\n<\/tr>\n<tr>\n<td style=\"width: 81.902552%;\">\n<h3><span style=\"color: #000000;\">Lehrfahrt nach Veitsh\u00f6chheim<\/span><\/h3>\n<p>Gemeinsam mit dem Arbeitskreis Erwerbsobstbau geht es nach Unterfranken.<br \/>\nErstes Ziel ist die Bayerische Landesanstalt f\u00fcr Weinbau und Gartenbau (LWG) in Veitsh\u00f6chheim, wo wir interessante Einblicke in aktuelle Versuchs- und Forschungsarbeiten erhalten.<br \/>\nIm Anschluss erwartet uns ein besonderes Highlight: das <strong>terroir f<\/strong> mit seiner beeindruckenden Aussicht \u00fcber das Maintal.<br \/>\nAm Nachmittag besuchen wir den <strong>Obsthof B\u00f6hm<\/strong> in Effeldorf. Rainer B\u00f6hm, Obstbaumeister und Edelbrandsommelier, wird uns seinen Betrieb vorstellen und spannende Einblicke in seine Arbeit geben.<br \/>\nAuf der R\u00fcckfahrt lassen wir den Tag in gewohnter Weise bei einer gemeinsamen Einkehr und einem Abendessen gem\u00fctlich ausklingen.<br \/>\nDie genauen Details sowie die Kosten stehen aktuell noch aus. Dennoch m\u00f6chten wir euch den Termin und das Ziel fr\u00fchzeitig mitteilen, damit ihr euch den Tag bei Interesse schon einmal freihalten k\u00f6nnt.<\/td>\n<td style=\"width: 17.865429%;\"><span style=\"color: #000000;\"><strong>27.07.<br \/>\nganzt\u00e4gig<\/strong><\/span><\/td>\n<\/tr>\n<tr>\n<td style=\"width: 81.902552%;\">\n<h3><span style=\"color: #000000;\">Sommerschnittkurs f\u00fcr Jungfachwarte<\/span><\/h3>\n<p><span style=\"color: #000000;\">Auch alle Altfachwarte sind herzlich willkommen!<\/span><br \/>\n<span style=\"color: #000000;\">Weil der Stadt-Schafhausen am Predigtplatz<\/span><br \/>\n<span style=\"color: #000000;\">(N\u00e4he Ihinger Hof)<\/span><\/td>\n<td style=\"width: 17.865429%;\"><span style=\"color: #000000;\"><strong>06.08.<br \/>\n18.00 Uhr<\/strong><\/span><\/td>\n<\/tr>\n<tr>\n<td style=\"width: 81.902552%;\">\n<h3>Streuobstaktionstag in Herrenberg M\u00f6nchberg\/Kayh<\/h3>\n<p>Die Fachwartvereinigung ist auch in diesem Jahr wieder beim Streuobstaktionstag in Kayh mit dabei und freut sich darauf, sich zu pr\u00e4sentieren und mit Besucherinnen und Besuchern ins Gespr\u00e4ch zu kommen.<br \/>\nF\u00fcr die Durchf\u00fchrung unseres Standes suchen wir engagierte Helferinnen und Helfer. Ob beim Aufbau, bei der Betreuung vor Ort oder beim Abbau \u2013 jede Unterst\u00fctzung ist willkommen!<br \/>\nWenn Du Zeit und Lust hast, uns zu unterst\u00fctzen, melde Dich bitte per E-Mail an <a href=\"mailto:veranstaltungen@fachwarte.de\"><b>veranstaltungen@fachwarte.de<\/b><\/a> mit dem Betreff <i>\u201eHelfer beim Streuobstaktionstag\u201c<\/i>.<br \/>\nGib dabei auch an, zu welcher Uhrzeit du uns helfen kannst:<\/p>\n<ul>\n<li><b>Team 1:<\/b> 08:30 \u2013 11:00 Uhr<\/li>\n<li><b>Team 2:<\/b> 11:00 \u2013 13:30 Uhr<\/li>\n<li><b>Team 3:<\/b> 13:30 \u2013 ca. 16:00 Uhr<\/li>\n<\/ul>\n<\/td>\n<td style=\"width: 17.865429%;\"><span style=\"color: #000000;\"><strong>03.10.<br \/>\n8.30 &#8211; 16.00 Uhr<\/strong><\/span><\/td>\n<\/tr>\n<\/tbody>\n<\/table>\n<h5 style=\"text-align: center;\"><span style=\"color: #000000;\"><a style=\"color: #000000;\" href=\"https:\/\/www.fachwarte.de\/?page_id=108\" rel=\"noopener\">Termine davor<\/a><\/span><\/h5>\n<p>&nbsp;<\/p>\n<h2><span style=\"color: #000000;\"><a style=\"color: #000000;\" href=\"https:\/\/www.fachwarte.de\/?page_id=508\">Mitglied werden<\/a><\/span><\/h2>\n<p><span style=\"color: #000000;\">Werden Sie unser Mitglied!<\/span><br \/>\n<span style=\"color: #000000;\"><a style=\"color: #000000;\" href=\"https:\/\/www.fachwarte.de\/?page_id=508\" target=\"_blank\" rel=\"noopener noreferrer\">\u00bb mehr Infos<\/a><\/span><\/p>\n","protected":false},"excerpt":{"rendered":"<p>Die Termine f\u00fcr das Jahr 2026 Thema: Termin: Unser Jahresmotto 2026 lautet: \u201eRund um den Baum\u201c Damit nehmen wir alles in den Blick, was zum Lebensraum Baum dazugeh\u00f6rt \u2013 von V\u00f6geln und Insekten \u00fcber den Boden bis hin zur Veredelung. <a class=\"more-link\" href=\"https:\/\/www.fachwarte.de\/?page_id=81\"><span class=\"screen-reader-text\">  Termin\u00fcbersicht<\/span> weiterlesen<span class=\"meta-nav\">&rarr;<\/span><\/a><\/p>\n","protected":false},"author":4,"featured_media":0,"parent":0,"menu_order":0,"comment_status":"closed","ping_status":"closed","template":"","meta":{"footnotes":""},"class_list":["post-81","page","type-page","status-publish","hentry"],"_links":{"self":[{"href":"https:\/\/www.fachwarte.de\/index.php?rest_route=\/wp\/v2\/pages\/81","targetHints":{"allow":["GET"]}}],"collection":[{"href":"https:\/\/www.fachwarte.de\/index.php?rest_route=\/wp\/v2\/pages"}],"about":[{"href":"https:\/\/www.fachwarte.de\/index.php?rest_route=\/wp\/v2\/types\/page"}],"author":[{"embeddable":true,"href":"https:\/\/www.fachwarte.de\/index.php?rest_route=\/wp\/v2\/users\/4"}],"replies":[{"embeddable":true,"href":"https:\/\/www.fachwarte.de\/index.php?rest_route=%2Fwp%2Fv2%2Fcomments&post=81"}],"version-history":[{"count":264,"href":"https:\/\/www.fachwarte.de\/index.php?rest_route=\/wp\/v2\/pages\/81\/revisions"}],"predecessor-version":[{"id":2678,"href":"https:\/\/www.fachwarte.de\/index.php?rest_route=\/wp\/v2\/pages\/81\/revisions\/2678"}],"wp:attachment":[{"href":"https:\/\/www.fachwarte.de\/index.php?rest_route=%2Fwp%2Fv2%2Fmedia&parent=81"}],"curies":[{"name":"wp","href":"https:\/\/api.w.org\/{rel}","templated":true}]}}