{"id":99,"date":"2016-02-12T01:23:12","date_gmt":"2016-02-12T00:23:12","guid":{"rendered":"http:\/\/www.fachwarte.de\/?page_id=99"},"modified":"2022-08-16T18:41:38","modified_gmt":"2022-08-16T16:41:38","slug":"links","status":"publish","type":"page","link":"https:\/\/www.fachwarte.de\/?page_id=99","title":{"rendered":"Links"},"content":{"rendered":"<h2 class=\"western\">Dachverband<\/h2>\n<p><strong><img loading=\"lazy\" decoding=\"async\" class=\"alignleft size-full wp-image-40\" src=\"http:\/\/www.fachwarte.de\/wp-content\/uploads\/2016\/02\/logl-logo-neu.png\" alt=\"logl-logo-neu\" width=\"140\" height=\"103\" \/>Landesverband f\u00fcr Obstbau, Garten und Landschaft Baden-W\u00fcrttemberg e.V. (LOGL)<\/strong><\/p>\n<p>Klopstockstra\u00dfe 6, 70193 Stuttgart<br \/>\nTelefon: 0711-632901, Telefax: 0711-638299<br \/>\nE-Mail: <a href=\"mailto:info@logl-bw.de\">info@logl-bw.de<\/a>, Internet: <a href=\"http:\/\/www.logl-bw.de\/\" target=\"_blank\" rel=\"noopener\">www.logl-bw.de<\/a><\/p>\n<p>Infos zu LOGL-Gepr\u00fcfter Obstbaumpfleger\u00ae finden Sie <a href=\"https:\/\/www.logl-bw.de\/index.php\/schulungsangebote\/logl-gepr%C3%BCfter-obstbaumpfleger%C2%AE\" target=\"_blank\" rel=\"noopener\">\u00bb hier<\/a><\/p>\n<h2 class=\"western\">Kreisverband<\/h2>\n<p><strong><img loading=\"lazy\" decoding=\"async\" class=\"alignleft size-full wp-image-100\" src=\"http:\/\/www.fachwarte.de\/wp-content\/uploads\/2016\/02\/KVOG.jpg\" alt=\"KVOG\" width=\"119\" height=\"113\" \/>Kreisverband B\u00f6blingen der Obst- und Gartenbauvereine e.V.<\/strong><\/p>\n<p>Unsere Obst- und Gartenbauvereine dienen der F\u00f6rderung des Obstbaus, der Gartenkultur, der Landschaftserhaltung und des Umweltschutzes.<\/p>\n<p>Mehr Infos: <a href=\"http:\/\/www.kvogv-boeblingen.de\/\" target=\"_blank\" rel=\"noopener\">www.kvogv-boeblingen.de<\/a><\/p>\n","protected":false},"excerpt":{"rendered":"<p>Dachverband Landesverband f\u00fcr Obstbau, Garten und Landschaft Baden-W\u00fcrttemberg e.V. (LOGL) Klopstockstra\u00dfe 6, 70193 Stuttgart Telefon: 0711-632901, Telefax: 0711-638299 E-Mail: info@logl-bw.de, Internet: www.logl-bw.de Infos zu LOGL-Gepr\u00fcfter Obstbaumpfleger\u00ae finden Sie \u00bb hier Kreisverband Kreisverband B\u00f6blingen der Obst- und Gartenbauvereine e.V. Unsere Obst- <a class=\"more-link\" href=\"https:\/\/www.fachwarte.de\/?page_id=99\"><span class=\"screen-reader-text\">  Links<\/span> weiterlesen<span class=\"meta-nav\">&rarr;<\/span><\/a><\/p>\n","protected":false},"author":4,"featured_media":0,"parent":0,"menu_order":0,"comment_status":"closed","ping_status":"closed","template":"","meta":{"footnotes":""},"class_list":["post-99","page","type-page","status-publish","hentry"],"_links":{"self":[{"href":"https:\/\/www.fachwarte.de\/index.php?rest_route=\/wp\/v2\/pages\/99","targetHints":{"allow":["GET"]}}],"collection":[{"href":"https:\/\/www.fachwarte.de\/index.php?rest_route=\/wp\/v2\/pages"}],"about":[{"href":"https:\/\/www.fachwarte.de\/index.php?rest_route=\/wp\/v2\/types\/page"}],"author":[{"embeddable":true,"href":"https:\/\/www.fachwarte.de\/index.php?rest_route=\/wp\/v2\/users\/4"}],"replies":[{"embeddable":true,"href":"https:\/\/www.fachwarte.de\/index.php?rest_route=%2Fwp%2Fv2%2Fcomments&post=99"}],"version-history":[{"count":5,"href":"https:\/\/www.fachwarte.de\/index.php?rest_route=\/wp\/v2\/pages\/99\/revisions"}],"predecessor-version":[{"id":314,"href":"https:\/\/www.fachwarte.de\/index.php?rest_route=\/wp\/v2\/pages\/99\/revisions\/314"}],"wp:attachment":[{"href":"https:\/\/www.fachwarte.de\/index.php?rest_route=%2Fwp%2Fv2%2Fmedia&parent=99"}],"curies":[{"name":"wp","href":"https:\/\/api.w.org\/{rel}","templated":true}]}}